{"id":437,"date":"2025-03-26T16:16:50","date_gmt":"2025-03-26T13:16:50","guid":{"rendered":"https:\/\/maroon-marten-613661.hostingersite.com\/?post_type=product&#038;p=437"},"modified":"2025-06-30T00:54:18","modified_gmt":"2025-06-29T21:54:18","slug":"mandrill-rebar-safety-cap-10-18-mm","status":"publish","type":"product","link":"https:\/\/mandrill.com.tr\/eng\/product\/mandrill-rebar-safety-cap-10-18-mm\/","title":{"rendered":"Mandrill Rebar Safety Cap | 10\u201318 mm"},"content":{"rendered":"<p><strong>Mandrill Rebar Safety Cap | 10\u201318 mm<\/strong><\/p>\n<p>The ideal solution for larger diameter rebars ranging from 10 to 18 mm.<\/p>\n<p>Exposed rebar ends at construction sites pose serious risks of injury and workplace accidents. The <strong>Mandrill Rebar Safety Cap<\/strong> eliminates these hazards by providing a safer working environment. Its specially engineered design ensures a firm grip on the rebar, while its durable material guarantees long-lasting performance. With easy installation, it offers a practical and effective safety solution.<\/p>\n<p><strong>Key Features:<\/strong><\/p>\n<ul>\n<li><strong>High Visibility Design<\/strong> \u2013 Bright orange color ensures the cap is easily noticeable, enhancing on-site safety.<\/li>\n<li><strong>Secure Grip<\/strong> \u2013 Specially designed to tightly clasp the rebar and stay in place unless intentionally removed.<\/li>\n<li><strong>Protects Concrete Quality<\/strong> \u2013 Its secure fit prevents the cap from falling into the concrete, preserving structural integrity.<\/li>\n<li><strong>Durable &amp; Reusable<\/strong> \u2013 Made from high-quality materials, it can be removed and reused across multiple applications.<\/li>\n<li><strong>Easy Installation<\/strong> \u2013 Can be quickly and effortlessly mounted onto the rebar with a single motion.<\/li>\n<\/ul>\n<p><strong>Enhance safety and reduce risks on your construction site with the Mandrill Rebar Safety Cap.<\/strong><\/p>\n","protected":false},"excerpt":{"rendered":"<p>Mandrill Rebar Safety Cap | 10\u201318 mm The ideal solution for larger diameter rebars ranging from 10 to 18 mm. Exposed rebar ends at construction sites pose serious risks of injury and workplace accidents. The Mandrill Rebar Safety Cap eliminates these hazards by providing a safer working environment. Its specially engineered design ensures a firm [&#8230;]\n","protected":false},"featured_media":502,"template":"","meta":[],"product_brand":[],"product_cat":[41],"product_tag":[],"class_list":{"0":"post-437","1":"product","2":"type-product","3":"status-publish","4":"has-post-thumbnail","6":"product_cat-hourglass-type-rebar-safety-cap","8":"first","9":"instock","10":"shipping-taxable","11":"product-type-simple"},"yoast_head":"<!-- This site is optimized with the Yoast SEO plugin v25.6 - https:\/\/yoast.com\/wordpress\/plugins\/seo\/ -->\n<title>Rebar Safety Cap<\/title>\n<meta name=\"description\" content=\"High Visibility Design \u2013 Bright orange color ensures the cap is easily noticeable, enhancing on-site safety.Secure Grip \u2013 Specially designed\" \/>\n<meta name=\"robots\" content=\"index, follow, max-snippet:-1, max-image-preview:large, max-video-preview:-1\" \/>\n<link rel=\"canonical\" href=\"https:\/\/mandrill.com.tr\/eng\/product\/mandrill-rebar-safety-cap-10-18-mm\/\" \/>\n<meta property=\"og:locale\" content=\"en_US\" \/>\n<meta property=\"og:type\" content=\"article\" \/>\n<meta property=\"og:title\" content=\"Rebar Safety Cap\" \/>\n<meta property=\"og:description\" content=\"High Visibility Design \u2013 Bright orange color ensures the cap is easily noticeable, enhancing on-site safety.Secure Grip \u2013 Specially designed\" \/>\n<meta property=\"og:url\" content=\"https:\/\/mandrill.com.tr\/eng\/product\/mandrill-rebar-safety-cap-10-18-mm\/\" \/>\n<meta property=\"og:site_name\" content=\"Mandrill\" \/>\n<meta property=\"article:modified_time\" content=\"2025-06-29T21:54:18+00:00\" \/>\n<meta property=\"og:image\" content=\"https:\/\/mandrill.com.tr\/eng\/wp-content\/uploads\/2025\/04\/mandrill-kum-saati-tipi-guvenlik-tapasi-10-18mm-rebar-cap-protection-cap-\u062f\u0631\u067e\u0648\u0634-\u0627\u06cc\u0645\u0646\u06cc-\u062d\u062f\u06cc\u062f-\u062e\u0637\u0631\u06cc-\u0437\u0430\u0449\u0438\u0442\u043d\u0430\u044f-\u0437\u0430\u0433\u043b\u0443\u0448\u043a\u0430-\u0442\u043e\u043f\u043e\u0440-\u0644\u062d\u0645\u0627\u064a\u0629-\u062d\u062f\u064a\u062f-\u0627\u0644\u062a\u0633\u0644\u064a\u062d-rebar-salama-kofia-2.png\" \/>\n\t<meta property=\"og:image:width\" content=\"500\" \/>\n\t<meta property=\"og:image:height\" content=\"500\" \/>\n\t<meta property=\"og:image:type\" content=\"image\/png\" \/>\n<meta name=\"twitter:card\" content=\"summary_large_image\" \/>\n<meta name=\"twitter:label1\" content=\"Est. reading time\" \/>\n\t<meta name=\"twitter:data1\" content=\"1 minute\" \/>\n<script type=\"application\/ld+json\" class=\"yoast-schema-graph\">{\"@context\":\"https:\/\/schema.org\",\"@graph\":[{\"@type\":\"WebPage\",\"@id\":\"https:\/\/mandrill.com.tr\/eng\/product\/mandrill-rebar-safety-cap-10-18-mm\/\",\"url\":\"https:\/\/mandrill.com.tr\/eng\/product\/mandrill-rebar-safety-cap-10-18-mm\/\",\"name\":\"Rebar Safety Cap\",\"isPartOf\":{\"@id\":\"https:\/\/mandrill.com.tr\/eng\/#website\"},\"primaryImageOfPage\":{\"@id\":\"https:\/\/mandrill.com.tr\/eng\/product\/mandrill-rebar-safety-cap-10-18-mm\/#primaryimage\"},\"image\":{\"@id\":\"https:\/\/mandrill.com.tr\/eng\/product\/mandrill-rebar-safety-cap-10-18-mm\/#primaryimage\"},\"thumbnailUrl\":\"https:\/\/mandrill.com.tr\/eng\/wp-content\/uploads\/2025\/04\/mandrill-kum-saati-tipi-guvenlik-tapasi-10-18mm-rebar-cap-protection-cap-\u062f\u0631\u067e\u0648\u0634-\u0627\u06cc\u0645\u0646\u06cc-\u062d\u062f\u06cc\u062f-\u062e\u0637\u0631\u06cc-\u0437\u0430\u0449\u0438\u0442\u043d\u0430\u044f-\u0437\u0430\u0433\u043b\u0443\u0448\u043a\u0430-\u0442\u043e\u043f\u043e\u0440-\u0644\u062d\u0645\u0627\u064a\u0629-\u062d\u062f\u064a\u062f-\u0627\u0644\u062a\u0633\u0644\u064a\u062d-rebar-salama-kofia-2.png\",\"datePublished\":\"2025-03-26T13:16:50+00:00\",\"dateModified\":\"2025-06-29T21:54:18+00:00\",\"description\":\"High Visibility Design \u2013 Bright orange color ensures the cap is easily noticeable, enhancing on-site safety.Secure Grip \u2013 Specially designed\",\"breadcrumb\":{\"@id\":\"https:\/\/mandrill.com.tr\/eng\/product\/mandrill-rebar-safety-cap-10-18-mm\/#breadcrumb\"},\"inLanguage\":\"en-US\",\"potentialAction\":[{\"@type\":\"ReadAction\",\"target\":[\"https:\/\/mandrill.com.tr\/eng\/product\/mandrill-rebar-safety-cap-10-18-mm\/\"]}]},{\"@type\":\"ImageObject\",\"inLanguage\":\"en-US\",\"@id\":\"https:\/\/mandrill.com.tr\/eng\/product\/mandrill-rebar-safety-cap-10-18-mm\/#primaryimage\",\"url\":\"https:\/\/mandrill.com.tr\/eng\/wp-content\/uploads\/2025\/04\/mandrill-kum-saati-tipi-guvenlik-tapasi-10-18mm-rebar-cap-protection-cap-\u062f\u0631\u067e\u0648\u0634-\u0627\u06cc\u0645\u0646\u06cc-\u062d\u062f\u06cc\u062f-\u062e\u0637\u0631\u06cc-\u0437\u0430\u0449\u0438\u0442\u043d\u0430\u044f-\u0437\u0430\u0433\u043b\u0443\u0448\u043a\u0430-\u0442\u043e\u043f\u043e\u0440-\u0644\u062d\u0645\u0627\u064a\u0629-\u062d\u062f\u064a\u062f-\u0627\u0644\u062a\u0633\u0644\u064a\u062d-rebar-salama-kofia-2.png\",\"contentUrl\":\"https:\/\/mandrill.com.tr\/eng\/wp-content\/uploads\/2025\/04\/mandrill-kum-saati-tipi-guvenlik-tapasi-10-18mm-rebar-cap-protection-cap-\u062f\u0631\u067e\u0648\u0634-\u0627\u06cc\u0645\u0646\u06cc-\u062d\u062f\u06cc\u062f-\u062e\u0637\u0631\u06cc-\u0437\u0430\u0449\u0438\u0442\u043d\u0430\u044f-\u0437\u0430\u0433\u043b\u0443\u0448\u043a\u0430-\u0442\u043e\u043f\u043e\u0440-\u0644\u062d\u0645\u0627\u064a\u0629-\u062d\u062f\u064a\u062f-\u0627\u0644\u062a\u0633\u0644\u064a\u062d-rebar-salama-kofia-2.png\",\"width\":500,\"height\":500,\"caption\":\"Turuncu renkli, dayan\u0131kl\u0131 plastikten \u00fcretilmi\u015f Mandrill in\u015faat demiri g\u00fcvenlik tapas\u0131; 18-32 mm demir \u00e7aplar\u0131na uyumlu, dikkat \u00e7ekici ve g\u00fcvenli bir \u015fantiye \u00e7\u00f6z\u00fcm\u00fcd\u00fcr.\"},{\"@type\":\"BreadcrumbList\",\"@id\":\"https:\/\/mandrill.com.tr\/eng\/product\/mandrill-rebar-safety-cap-10-18-mm\/#breadcrumb\",\"itemListElement\":[{\"@type\":\"ListItem\",\"position\":1,\"name\":\"Anasayfa\",\"item\":\"https:\/\/mandrill.com.tr\/eng\/\"},{\"@type\":\"ListItem\",\"position\":2,\"name\":\"Shop\",\"item\":\"https:\/\/mandrill.com.tr\/eng\/shop\/\"},{\"@type\":\"ListItem\",\"position\":3,\"name\":\"Mandrill Rebar Safety Cap | 10\u201318 mm\"}]},{\"@type\":\"WebSite\",\"@id\":\"https:\/\/mandrill.com.tr\/eng\/#website\",\"url\":\"https:\/\/mandrill.com.tr\/eng\/\",\"name\":\"Mandrill\",\"description\":\"\",\"publisher\":{\"@id\":\"https:\/\/mandrill.com.tr\/eng\/#organization\"},\"potentialAction\":[{\"@type\":\"SearchAction\",\"target\":{\"@type\":\"EntryPoint\",\"urlTemplate\":\"https:\/\/mandrill.com.tr\/eng\/?s={search_term_string}\"},\"query-input\":{\"@type\":\"PropertyValueSpecification\",\"valueRequired\":true,\"valueName\":\"search_term_string\"}}],\"inLanguage\":\"en-US\"},{\"@type\":\"Organization\",\"@id\":\"https:\/\/mandrill.com.tr\/eng\/#organization\",\"name\":\"Mandrill\",\"url\":\"https:\/\/mandrill.com.tr\/eng\/\",\"logo\":{\"@type\":\"ImageObject\",\"inLanguage\":\"en-US\",\"@id\":\"https:\/\/mandrill.com.tr\/eng\/#\/schema\/logo\/image\/\",\"url\":\"https:\/\/mandrill.com.tr\/eng\/wp-content\/uploads\/2024\/06\/Mandrillb-scaled-e1717951985432.jpg\",\"contentUrl\":\"https:\/\/mandrill.com.tr\/eng\/wp-content\/uploads\/2024\/06\/Mandrillb-scaled-e1717951985432.jpg\",\"width\":2560,\"height\":738,\"caption\":\"Mandrill\"},\"image\":{\"@id\":\"https:\/\/mandrill.com.tr\/eng\/#\/schema\/logo\/image\/\"}}]}<\/script>\n<!-- \/ Yoast SEO plugin. -->","yoast_head_json":{"title":"Rebar Safety Cap","description":"High Visibility Design \u2013 Bright orange color ensures the cap is easily noticeable, enhancing on-site safety.Secure Grip \u2013 Specially designed","robots":{"index":"index","follow":"follow","max-snippet":"max-snippet:-1","max-image-preview":"max-image-preview:large","max-video-preview":"max-video-preview:-1"},"canonical":"https:\/\/mandrill.com.tr\/eng\/product\/mandrill-rebar-safety-cap-10-18-mm\/","og_locale":"en_US","og_type":"article","og_title":"Rebar Safety Cap","og_description":"High Visibility Design \u2013 Bright orange color ensures the cap is easily noticeable, enhancing on-site safety.Secure Grip \u2013 Specially designed","og_url":"https:\/\/mandrill.com.tr\/eng\/product\/mandrill-rebar-safety-cap-10-18-mm\/","og_site_name":"Mandrill","article_modified_time":"2025-06-29T21:54:18+00:00","og_image":[{"width":500,"height":500,"url":"https:\/\/mandrill.com.tr\/eng\/wp-content\/uploads\/2025\/04\/mandrill-kum-saati-tipi-guvenlik-tapasi-10-18mm-rebar-cap-protection-cap-\u062f\u0631\u067e\u0648\u0634-\u0627\u06cc\u0645\u0646\u06cc-\u062d\u062f\u06cc\u062f-\u062e\u0637\u0631\u06cc-\u0437\u0430\u0449\u0438\u0442\u043d\u0430\u044f-\u0437\u0430\u0433\u043b\u0443\u0448\u043a\u0430-\u0442\u043e\u043f\u043e\u0440-\u0644\u062d\u0645\u0627\u064a\u0629-\u062d\u062f\u064a\u062f-\u0627\u0644\u062a\u0633\u0644\u064a\u062d-rebar-salama-kofia-2.png","type":"image\/png"}],"twitter_card":"summary_large_image","twitter_misc":{"Est. reading time":"1 minute"},"schema":{"@context":"https:\/\/schema.org","@graph":[{"@type":"WebPage","@id":"https:\/\/mandrill.com.tr\/eng\/product\/mandrill-rebar-safety-cap-10-18-mm\/","url":"https:\/\/mandrill.com.tr\/eng\/product\/mandrill-rebar-safety-cap-10-18-mm\/","name":"Rebar Safety Cap","isPartOf":{"@id":"https:\/\/mandrill.com.tr\/eng\/#website"},"primaryImageOfPage":{"@id":"https:\/\/mandrill.com.tr\/eng\/product\/mandrill-rebar-safety-cap-10-18-mm\/#primaryimage"},"image":{"@id":"https:\/\/mandrill.com.tr\/eng\/product\/mandrill-rebar-safety-cap-10-18-mm\/#primaryimage"},"thumbnailUrl":"https:\/\/mandrill.com.tr\/eng\/wp-content\/uploads\/2025\/04\/mandrill-kum-saati-tipi-guvenlik-tapasi-10-18mm-rebar-cap-protection-cap-\u062f\u0631\u067e\u0648\u0634-\u0627\u06cc\u0645\u0646\u06cc-\u062d\u062f\u06cc\u062f-\u062e\u0637\u0631\u06cc-\u0437\u0430\u0449\u0438\u0442\u043d\u0430\u044f-\u0437\u0430\u0433\u043b\u0443\u0448\u043a\u0430-\u0442\u043e\u043f\u043e\u0440-\u0644\u062d\u0645\u0627\u064a\u0629-\u062d\u062f\u064a\u062f-\u0627\u0644\u062a\u0633\u0644\u064a\u062d-rebar-salama-kofia-2.png","datePublished":"2025-03-26T13:16:50+00:00","dateModified":"2025-06-29T21:54:18+00:00","description":"High Visibility Design \u2013 Bright orange color ensures the cap is easily noticeable, enhancing on-site safety.Secure Grip \u2013 Specially designed","breadcrumb":{"@id":"https:\/\/mandrill.com.tr\/eng\/product\/mandrill-rebar-safety-cap-10-18-mm\/#breadcrumb"},"inLanguage":"en-US","potentialAction":[{"@type":"ReadAction","target":["https:\/\/mandrill.com.tr\/eng\/product\/mandrill-rebar-safety-cap-10-18-mm\/"]}]},{"@type":"ImageObject","inLanguage":"en-US","@id":"https:\/\/mandrill.com.tr\/eng\/product\/mandrill-rebar-safety-cap-10-18-mm\/#primaryimage","url":"https:\/\/mandrill.com.tr\/eng\/wp-content\/uploads\/2025\/04\/mandrill-kum-saati-tipi-guvenlik-tapasi-10-18mm-rebar-cap-protection-cap-\u062f\u0631\u067e\u0648\u0634-\u0627\u06cc\u0645\u0646\u06cc-\u062d\u062f\u06cc\u062f-\u062e\u0637\u0631\u06cc-\u0437\u0430\u0449\u0438\u0442\u043d\u0430\u044f-\u0437\u0430\u0433\u043b\u0443\u0448\u043a\u0430-\u0442\u043e\u043f\u043e\u0440-\u0644\u062d\u0645\u0627\u064a\u0629-\u062d\u062f\u064a\u062f-\u0627\u0644\u062a\u0633\u0644\u064a\u062d-rebar-salama-kofia-2.png","contentUrl":"https:\/\/mandrill.com.tr\/eng\/wp-content\/uploads\/2025\/04\/mandrill-kum-saati-tipi-guvenlik-tapasi-10-18mm-rebar-cap-protection-cap-\u062f\u0631\u067e\u0648\u0634-\u0627\u06cc\u0645\u0646\u06cc-\u062d\u062f\u06cc\u062f-\u062e\u0637\u0631\u06cc-\u0437\u0430\u0449\u0438\u0442\u043d\u0430\u044f-\u0437\u0430\u0433\u043b\u0443\u0448\u043a\u0430-\u0442\u043e\u043f\u043e\u0440-\u0644\u062d\u0645\u0627\u064a\u0629-\u062d\u062f\u064a\u062f-\u0627\u0644\u062a\u0633\u0644\u064a\u062d-rebar-salama-kofia-2.png","width":500,"height":500,"caption":"Turuncu renkli, dayan\u0131kl\u0131 plastikten \u00fcretilmi\u015f Mandrill in\u015faat demiri g\u00fcvenlik tapas\u0131; 18-32 mm demir \u00e7aplar\u0131na uyumlu, dikkat \u00e7ekici ve g\u00fcvenli bir \u015fantiye \u00e7\u00f6z\u00fcm\u00fcd\u00fcr."},{"@type":"BreadcrumbList","@id":"https:\/\/mandrill.com.tr\/eng\/product\/mandrill-rebar-safety-cap-10-18-mm\/#breadcrumb","itemListElement":[{"@type":"ListItem","position":1,"name":"Anasayfa","item":"https:\/\/mandrill.com.tr\/eng\/"},{"@type":"ListItem","position":2,"name":"Shop","item":"https:\/\/mandrill.com.tr\/eng\/shop\/"},{"@type":"ListItem","position":3,"name":"Mandrill Rebar Safety Cap | 10\u201318 mm"}]},{"@type":"WebSite","@id":"https:\/\/mandrill.com.tr\/eng\/#website","url":"https:\/\/mandrill.com.tr\/eng\/","name":"Mandrill","description":"","publisher":{"@id":"https:\/\/mandrill.com.tr\/eng\/#organization"},"potentialAction":[{"@type":"SearchAction","target":{"@type":"EntryPoint","urlTemplate":"https:\/\/mandrill.com.tr\/eng\/?s={search_term_string}"},"query-input":{"@type":"PropertyValueSpecification","valueRequired":true,"valueName":"search_term_string"}}],"inLanguage":"en-US"},{"@type":"Organization","@id":"https:\/\/mandrill.com.tr\/eng\/#organization","name":"Mandrill","url":"https:\/\/mandrill.com.tr\/eng\/","logo":{"@type":"ImageObject","inLanguage":"en-US","@id":"https:\/\/mandrill.com.tr\/eng\/#\/schema\/logo\/image\/","url":"https:\/\/mandrill.com.tr\/eng\/wp-content\/uploads\/2024\/06\/Mandrillb-scaled-e1717951985432.jpg","contentUrl":"https:\/\/mandrill.com.tr\/eng\/wp-content\/uploads\/2024\/06\/Mandrillb-scaled-e1717951985432.jpg","width":2560,"height":738,"caption":"Mandrill"},"image":{"@id":"https:\/\/mandrill.com.tr\/eng\/#\/schema\/logo\/image\/"}}]}},"_links":{"self":[{"href":"https:\/\/mandrill.com.tr\/eng\/wp-json\/wp\/v2\/product\/437","targetHints":{"allow":["GET"]}}],"collection":[{"href":"https:\/\/mandrill.com.tr\/eng\/wp-json\/wp\/v2\/product"}],"about":[{"href":"https:\/\/mandrill.com.tr\/eng\/wp-json\/wp\/v2\/types\/product"}],"wp:featuredmedia":[{"embeddable":true,"href":"https:\/\/mandrill.com.tr\/eng\/wp-json\/wp\/v2\/media\/502"}],"wp:attachment":[{"href":"https:\/\/mandrill.com.tr\/eng\/wp-json\/wp\/v2\/media?parent=437"}],"wp:term":[{"taxonomy":"product_brand","embeddable":true,"href":"https:\/\/mandrill.com.tr\/eng\/wp-json\/wp\/v2\/product_brand?post=437"},{"taxonomy":"product_cat","embeddable":true,"href":"https:\/\/mandrill.com.tr\/eng\/wp-json\/wp\/v2\/product_cat?post=437"},{"taxonomy":"product_tag","embeddable":true,"href":"https:\/\/mandrill.com.tr\/eng\/wp-json\/wp\/v2\/product_tag?post=437"}],"curies":[{"name":"wp","href":"https:\/\/api.w.org\/{rel}","templated":true}]}}