{"id":413,"date":"2025-03-20T12:29:03","date_gmt":"2025-03-20T09:29:03","guid":{"rendered":"https:\/\/maroon-marten-613661.hostingersite.com\/?post_type=product&#038;p=413"},"modified":"2025-07-01T01:29:30","modified_gmt":"2025-06-30T22:29:30","slug":"mandrill-mnd-12-bolt-hanger","status":"publish","type":"product","link":"https:\/\/mandrill.com.tr\/eng\/product\/mandrill-mnd-12-bolt-hanger\/","title":{"rendered":"Mandrill MND 12 Bolt Hanger"},"content":{"rendered":"<p><strong>Mandrill MND 12 Bolt Hanger<\/strong><\/p>\n<p>The simplest and strongest way to anchor with confidence.<\/p>\n<p>Manufactured from high-strength <strong>DIN EN 10130 DC01 galvanized steel<\/strong>, the Mandrill 12 Bolt Hanger is a compact yet powerful anchoring solution you can rely on in the most demanding environments.<\/p>\n<p><strong>Specifically designed for mountaineering, rock climbing, technical rescue operations, and work at height<\/strong>, this product is optimized to meet the needs of both professionals and industrial users.<\/p>\n<ul>\n<li><strong>Hole Diameter:<\/strong> 13 mm (compatible with most carabiners)<\/li>\n<li><strong>Maximum Strength:<\/strong> 25 kN<\/li>\n<li><strong>Weight:<\/strong> Only 96 grams \u2013 lightweight and easy to carry<\/li>\n<li><strong>Material:<\/strong> DIN EN 10130 DC01 galvanized steel<\/li>\n<li><strong>Standard:<\/strong> EN 795\/A:2012<\/li>\n<li><strong>Certification:<\/strong> Tested and certified by <strong>VVUU a.s.<\/strong> (Notified Body No: 3076), an independent and EU-approved laboratory.<\/li>\n<\/ul>\n<p><strong>Mandrill 12<\/strong> is an essential safety component for professionals who value durability behind simplicity.<\/p>\n","protected":false},"excerpt":{"rendered":"<a href=\"https:\/\/mandrill.com.tr\/eng\/wp-content\/uploads\/2025\/03\/Uygunluk-Beyani-MANDRILL-MND-12-ANCHORAGE-POINT.pdf\" target=\"_blank\" class=\"button primary is-xxsmall box-shadow-3-hover\" rel=\"noopener\"  style=\"border-radius:99px;\">\n    <span>EU Decleration of Conformity<\/span>\n  <i class=\"icon-angle-down\" aria-hidden=\"true\" ><\/i><\/a>\n\n","protected":false},"featured_media":505,"template":"","meta":[],"product_brand":[],"product_cat":[35],"product_tag":[53,66,65,52,51,69,67,68,70,71],"class_list":{"0":"post-413","1":"product","2":"type-product","3":"status-publish","4":"has-post-thumbnail","6":"product_cat-bolt-hanger","7":"product_tag-anchor","8":"product_tag-anchor-lug","9":"product_tag-anchorage","10":"product_tag-bolt","11":"product_tag-bolt-anchor","12":"product_tag-bolt-hanger","13":"product_tag-climbing","14":"product_tag-construction","15":"product_tag-rescue","16":"product_tag-work-at-height","18":"first","19":"instock","20":"shipping-taxable","21":"product-type-simple"},"yoast_head":"<!-- This site is optimized with the Yoast SEO plugin v25.6 - https:\/\/yoast.com\/wordpress\/plugins\/seo\/ -->\n<title>Mandrill MND 12 Bolt Hanger<\/title>\n<meta name=\"description\" content=\"Manufactured from high-strength DIN EN 10130 DC01 galvanized steel, the Mandrill 12 Bolt Hanger is a compact yet powerful anchoring solution you can rely\" \/>\n<meta name=\"robots\" content=\"index, follow, max-snippet:-1, max-image-preview:large, max-video-preview:-1\" \/>\n<link rel=\"canonical\" href=\"https:\/\/mandrill.com.tr\/eng\/product\/mandrill-mnd-12-bolt-hanger\/\" \/>\n<meta property=\"og:locale\" content=\"en_US\" \/>\n<meta property=\"og:type\" content=\"article\" \/>\n<meta property=\"og:title\" content=\"Mandrill MND 12 Bolt Hanger\" \/>\n<meta property=\"og:description\" content=\"Manufactured from high-strength DIN EN 10130 DC01 galvanized steel, the Mandrill 12 Bolt Hanger is a compact yet powerful anchoring solution you can rely\" \/>\n<meta property=\"og:url\" content=\"https:\/\/mandrill.com.tr\/eng\/product\/mandrill-mnd-12-bolt-hanger\/\" \/>\n<meta property=\"og:site_name\" content=\"Mandrill\" \/>\n<meta property=\"article:modified_time\" content=\"2025-06-30T22:29:30+00:00\" \/>\n<meta property=\"og:image\" content=\"https:\/\/mandrill.com.tr\/eng\/wp-content\/uploads\/2025\/04\/mandrill-mnd12-ankraj-kulagi-bolt-anchor-guvenli-baglanti-\u0645\u0627\u0646\u062f\u0631\u0644-\u0645\u0631\u0633\u0627\u0629-\u0631\u0628\u0637-\u062f\u0631\u067e\u0648\u0634-\u0645\u0647\u0627\u0631-\u0437\u0430\u0449\u0438\u0442\u0430-\u043a\u0440\u0435\u043f\u0435\u0436-usalama-wa-bolt.jpg\" \/>\n\t<meta property=\"og:image:width\" content=\"533\" \/>\n\t<meta property=\"og:image:height\" content=\"533\" \/>\n\t<meta property=\"og:image:type\" content=\"image\/jpeg\" \/>\n<meta name=\"twitter:card\" content=\"summary_large_image\" \/>\n<meta name=\"twitter:label1\" content=\"Est. reading time\" \/>\n\t<meta name=\"twitter:data1\" content=\"1 minute\" \/>\n<script type=\"application\/ld+json\" class=\"yoast-schema-graph\">{\"@context\":\"https:\/\/schema.org\",\"@graph\":[{\"@type\":\"WebPage\",\"@id\":\"https:\/\/mandrill.com.tr\/eng\/product\/mandrill-mnd-12-bolt-hanger\/\",\"url\":\"https:\/\/mandrill.com.tr\/eng\/product\/mandrill-mnd-12-bolt-hanger\/\",\"name\":\"Mandrill MND 12 Bolt Hanger\",\"isPartOf\":{\"@id\":\"https:\/\/mandrill.com.tr\/eng\/#website\"},\"primaryImageOfPage\":{\"@id\":\"https:\/\/mandrill.com.tr\/eng\/product\/mandrill-mnd-12-bolt-hanger\/#primaryimage\"},\"image\":{\"@id\":\"https:\/\/mandrill.com.tr\/eng\/product\/mandrill-mnd-12-bolt-hanger\/#primaryimage\"},\"thumbnailUrl\":\"https:\/\/mandrill.com.tr\/eng\/wp-content\/uploads\/2025\/04\/mandrill-mnd12-ankraj-kulagi-bolt-anchor-guvenli-baglanti-\u0645\u0627\u0646\u062f\u0631\u0644-\u0645\u0631\u0633\u0627\u0629-\u0631\u0628\u0637-\u062f\u0631\u067e\u0648\u0634-\u0645\u0647\u0627\u0631-\u0437\u0430\u0449\u0438\u0442\u0430-\u043a\u0440\u0435\u043f\u0435\u0436-usalama-wa-bolt.jpg\",\"datePublished\":\"2025-03-20T09:29:03+00:00\",\"dateModified\":\"2025-06-30T22:29:30+00:00\",\"description\":\"Manufactured from high-strength DIN EN 10130 DC01 galvanized steel, the Mandrill 12 Bolt Hanger is a compact yet powerful anchoring solution you can rely\",\"breadcrumb\":{\"@id\":\"https:\/\/mandrill.com.tr\/eng\/product\/mandrill-mnd-12-bolt-hanger\/#breadcrumb\"},\"inLanguage\":\"en-US\",\"potentialAction\":[{\"@type\":\"ReadAction\",\"target\":[\"https:\/\/mandrill.com.tr\/eng\/product\/mandrill-mnd-12-bolt-hanger\/\"]}]},{\"@type\":\"ImageObject\",\"inLanguage\":\"en-US\",\"@id\":\"https:\/\/mandrill.com.tr\/eng\/product\/mandrill-mnd-12-bolt-hanger\/#primaryimage\",\"url\":\"https:\/\/mandrill.com.tr\/eng\/wp-content\/uploads\/2025\/04\/mandrill-mnd12-ankraj-kulagi-bolt-anchor-guvenli-baglanti-\u0645\u0627\u0646\u062f\u0631\u0644-\u0645\u0631\u0633\u0627\u0629-\u0631\u0628\u0637-\u062f\u0631\u067e\u0648\u0634-\u0645\u0647\u0627\u0631-\u0437\u0430\u0449\u0438\u0442\u0430-\u043a\u0440\u0435\u043f\u0435\u0436-usalama-wa-bolt.jpg\",\"contentUrl\":\"https:\/\/mandrill.com.tr\/eng\/wp-content\/uploads\/2025\/04\/mandrill-mnd12-ankraj-kulagi-bolt-anchor-guvenli-baglanti-\u0645\u0627\u0646\u062f\u0631\u0644-\u0645\u0631\u0633\u0627\u0629-\u0631\u0628\u0637-\u062f\u0631\u067e\u0648\u0634-\u0645\u0647\u0627\u0631-\u0437\u0430\u0449\u0438\u0442\u0430-\u043a\u0440\u0435\u043f\u0435\u0436-usalama-wa-bolt.jpg\",\"width\":533,\"height\":533,\"caption\":\"Galvaniz kaplamal\u0131 \u00e7elikten \u00fcretilmi\u015f Mandrill kulak ankraj\u0131, 25 kN mukavemet sunar. Y\u00fcksekte \u00e7al\u0131\u015fmalarda ve t\u0131rman\u0131\u015fta g\u00fcvenli ba\u011flant\u0131 sa\u011flar.\"},{\"@type\":\"BreadcrumbList\",\"@id\":\"https:\/\/mandrill.com.tr\/eng\/product\/mandrill-mnd-12-bolt-hanger\/#breadcrumb\",\"itemListElement\":[{\"@type\":\"ListItem\",\"position\":1,\"name\":\"Anasayfa\",\"item\":\"https:\/\/mandrill.com.tr\/eng\/\"},{\"@type\":\"ListItem\",\"position\":2,\"name\":\"Shop\",\"item\":\"https:\/\/mandrill.com.tr\/eng\/shop\/\"},{\"@type\":\"ListItem\",\"position\":3,\"name\":\"Mandrill MND 12 Bolt Hanger\"}]},{\"@type\":\"WebSite\",\"@id\":\"https:\/\/mandrill.com.tr\/eng\/#website\",\"url\":\"https:\/\/mandrill.com.tr\/eng\/\",\"name\":\"Mandrill\",\"description\":\"\",\"publisher\":{\"@id\":\"https:\/\/mandrill.com.tr\/eng\/#organization\"},\"potentialAction\":[{\"@type\":\"SearchAction\",\"target\":{\"@type\":\"EntryPoint\",\"urlTemplate\":\"https:\/\/mandrill.com.tr\/eng\/?s={search_term_string}\"},\"query-input\":{\"@type\":\"PropertyValueSpecification\",\"valueRequired\":true,\"valueName\":\"search_term_string\"}}],\"inLanguage\":\"en-US\"},{\"@type\":\"Organization\",\"@id\":\"https:\/\/mandrill.com.tr\/eng\/#organization\",\"name\":\"Mandrill\",\"url\":\"https:\/\/mandrill.com.tr\/eng\/\",\"logo\":{\"@type\":\"ImageObject\",\"inLanguage\":\"en-US\",\"@id\":\"https:\/\/mandrill.com.tr\/eng\/#\/schema\/logo\/image\/\",\"url\":\"https:\/\/mandrill.com.tr\/eng\/wp-content\/uploads\/2024\/06\/Mandrillb-scaled-e1717951985432.jpg\",\"contentUrl\":\"https:\/\/mandrill.com.tr\/eng\/wp-content\/uploads\/2024\/06\/Mandrillb-scaled-e1717951985432.jpg\",\"width\":2560,\"height\":738,\"caption\":\"Mandrill\"},\"image\":{\"@id\":\"https:\/\/mandrill.com.tr\/eng\/#\/schema\/logo\/image\/\"}}]}<\/script>\n<!-- \/ Yoast SEO plugin. -->","yoast_head_json":{"title":"Mandrill MND 12 Bolt Hanger","description":"Manufactured from high-strength DIN EN 10130 DC01 galvanized steel, the Mandrill 12 Bolt Hanger is a compact yet powerful anchoring solution you can rely","robots":{"index":"index","follow":"follow","max-snippet":"max-snippet:-1","max-image-preview":"max-image-preview:large","max-video-preview":"max-video-preview:-1"},"canonical":"https:\/\/mandrill.com.tr\/eng\/product\/mandrill-mnd-12-bolt-hanger\/","og_locale":"en_US","og_type":"article","og_title":"Mandrill MND 12 Bolt Hanger","og_description":"Manufactured from high-strength DIN EN 10130 DC01 galvanized steel, the Mandrill 12 Bolt Hanger is a compact yet powerful anchoring solution you can rely","og_url":"https:\/\/mandrill.com.tr\/eng\/product\/mandrill-mnd-12-bolt-hanger\/","og_site_name":"Mandrill","article_modified_time":"2025-06-30T22:29:30+00:00","og_image":[{"width":533,"height":533,"url":"https:\/\/mandrill.com.tr\/eng\/wp-content\/uploads\/2025\/04\/mandrill-mnd12-ankraj-kulagi-bolt-anchor-guvenli-baglanti-\u0645\u0627\u0646\u062f\u0631\u0644-\u0645\u0631\u0633\u0627\u0629-\u0631\u0628\u0637-\u062f\u0631\u067e\u0648\u0634-\u0645\u0647\u0627\u0631-\u0437\u0430\u0449\u0438\u0442\u0430-\u043a\u0440\u0435\u043f\u0435\u0436-usalama-wa-bolt.jpg","type":"image\/jpeg"}],"twitter_card":"summary_large_image","twitter_misc":{"Est. reading time":"1 minute"},"schema":{"@context":"https:\/\/schema.org","@graph":[{"@type":"WebPage","@id":"https:\/\/mandrill.com.tr\/eng\/product\/mandrill-mnd-12-bolt-hanger\/","url":"https:\/\/mandrill.com.tr\/eng\/product\/mandrill-mnd-12-bolt-hanger\/","name":"Mandrill MND 12 Bolt Hanger","isPartOf":{"@id":"https:\/\/mandrill.com.tr\/eng\/#website"},"primaryImageOfPage":{"@id":"https:\/\/mandrill.com.tr\/eng\/product\/mandrill-mnd-12-bolt-hanger\/#primaryimage"},"image":{"@id":"https:\/\/mandrill.com.tr\/eng\/product\/mandrill-mnd-12-bolt-hanger\/#primaryimage"},"thumbnailUrl":"https:\/\/mandrill.com.tr\/eng\/wp-content\/uploads\/2025\/04\/mandrill-mnd12-ankraj-kulagi-bolt-anchor-guvenli-baglanti-\u0645\u0627\u0646\u062f\u0631\u0644-\u0645\u0631\u0633\u0627\u0629-\u0631\u0628\u0637-\u062f\u0631\u067e\u0648\u0634-\u0645\u0647\u0627\u0631-\u0437\u0430\u0449\u0438\u0442\u0430-\u043a\u0440\u0435\u043f\u0435\u0436-usalama-wa-bolt.jpg","datePublished":"2025-03-20T09:29:03+00:00","dateModified":"2025-06-30T22:29:30+00:00","description":"Manufactured from high-strength DIN EN 10130 DC01 galvanized steel, the Mandrill 12 Bolt Hanger is a compact yet powerful anchoring solution you can rely","breadcrumb":{"@id":"https:\/\/mandrill.com.tr\/eng\/product\/mandrill-mnd-12-bolt-hanger\/#breadcrumb"},"inLanguage":"en-US","potentialAction":[{"@type":"ReadAction","target":["https:\/\/mandrill.com.tr\/eng\/product\/mandrill-mnd-12-bolt-hanger\/"]}]},{"@type":"ImageObject","inLanguage":"en-US","@id":"https:\/\/mandrill.com.tr\/eng\/product\/mandrill-mnd-12-bolt-hanger\/#primaryimage","url":"https:\/\/mandrill.com.tr\/eng\/wp-content\/uploads\/2025\/04\/mandrill-mnd12-ankraj-kulagi-bolt-anchor-guvenli-baglanti-\u0645\u0627\u0646\u062f\u0631\u0644-\u0645\u0631\u0633\u0627\u0629-\u0631\u0628\u0637-\u062f\u0631\u067e\u0648\u0634-\u0645\u0647\u0627\u0631-\u0437\u0430\u0449\u0438\u0442\u0430-\u043a\u0440\u0435\u043f\u0435\u0436-usalama-wa-bolt.jpg","contentUrl":"https:\/\/mandrill.com.tr\/eng\/wp-content\/uploads\/2025\/04\/mandrill-mnd12-ankraj-kulagi-bolt-anchor-guvenli-baglanti-\u0645\u0627\u0646\u062f\u0631\u0644-\u0645\u0631\u0633\u0627\u0629-\u0631\u0628\u0637-\u062f\u0631\u067e\u0648\u0634-\u0645\u0647\u0627\u0631-\u0437\u0430\u0449\u0438\u0442\u0430-\u043a\u0440\u0435\u043f\u0435\u0436-usalama-wa-bolt.jpg","width":533,"height":533,"caption":"Galvaniz kaplamal\u0131 \u00e7elikten \u00fcretilmi\u015f Mandrill kulak ankraj\u0131, 25 kN mukavemet sunar. Y\u00fcksekte \u00e7al\u0131\u015fmalarda ve t\u0131rman\u0131\u015fta g\u00fcvenli ba\u011flant\u0131 sa\u011flar."},{"@type":"BreadcrumbList","@id":"https:\/\/mandrill.com.tr\/eng\/product\/mandrill-mnd-12-bolt-hanger\/#breadcrumb","itemListElement":[{"@type":"ListItem","position":1,"name":"Anasayfa","item":"https:\/\/mandrill.com.tr\/eng\/"},{"@type":"ListItem","position":2,"name":"Shop","item":"https:\/\/mandrill.com.tr\/eng\/shop\/"},{"@type":"ListItem","position":3,"name":"Mandrill MND 12 Bolt Hanger"}]},{"@type":"WebSite","@id":"https:\/\/mandrill.com.tr\/eng\/#website","url":"https:\/\/mandrill.com.tr\/eng\/","name":"Mandrill","description":"","publisher":{"@id":"https:\/\/mandrill.com.tr\/eng\/#organization"},"potentialAction":[{"@type":"SearchAction","target":{"@type":"EntryPoint","urlTemplate":"https:\/\/mandrill.com.tr\/eng\/?s={search_term_string}"},"query-input":{"@type":"PropertyValueSpecification","valueRequired":true,"valueName":"search_term_string"}}],"inLanguage":"en-US"},{"@type":"Organization","@id":"https:\/\/mandrill.com.tr\/eng\/#organization","name":"Mandrill","url":"https:\/\/mandrill.com.tr\/eng\/","logo":{"@type":"ImageObject","inLanguage":"en-US","@id":"https:\/\/mandrill.com.tr\/eng\/#\/schema\/logo\/image\/","url":"https:\/\/mandrill.com.tr\/eng\/wp-content\/uploads\/2024\/06\/Mandrillb-scaled-e1717951985432.jpg","contentUrl":"https:\/\/mandrill.com.tr\/eng\/wp-content\/uploads\/2024\/06\/Mandrillb-scaled-e1717951985432.jpg","width":2560,"height":738,"caption":"Mandrill"},"image":{"@id":"https:\/\/mandrill.com.tr\/eng\/#\/schema\/logo\/image\/"}}]}},"_links":{"self":[{"href":"https:\/\/mandrill.com.tr\/eng\/wp-json\/wp\/v2\/product\/413","targetHints":{"allow":["GET"]}}],"collection":[{"href":"https:\/\/mandrill.com.tr\/eng\/wp-json\/wp\/v2\/product"}],"about":[{"href":"https:\/\/mandrill.com.tr\/eng\/wp-json\/wp\/v2\/types\/product"}],"wp:featuredmedia":[{"embeddable":true,"href":"https:\/\/mandrill.com.tr\/eng\/wp-json\/wp\/v2\/media\/505"}],"wp:attachment":[{"href":"https:\/\/mandrill.com.tr\/eng\/wp-json\/wp\/v2\/media?parent=413"}],"wp:term":[{"taxonomy":"product_brand","embeddable":true,"href":"https:\/\/mandrill.com.tr\/eng\/wp-json\/wp\/v2\/product_brand?post=413"},{"taxonomy":"product_cat","embeddable":true,"href":"https:\/\/mandrill.com.tr\/eng\/wp-json\/wp\/v2\/product_cat?post=413"},{"taxonomy":"product_tag","embeddable":true,"href":"https:\/\/mandrill.com.tr\/eng\/wp-json\/wp\/v2\/product_tag?post=413"}],"curies":[{"name":"wp","href":"https:\/\/api.w.org\/{rel}","templated":true}]}}