{"id":366,"date":"2024-11-15T15:44:39","date_gmt":"2024-11-15T12:44:39","guid":{"rendered":"https:\/\/maroon-marten-613661.hostingersite.com\/?post_type=product&#038;p=366"},"modified":"2025-07-01T01:30:14","modified_gmt":"2025-06-30T22:30:14","slug":"mandrill-sp-5033-panel-anchor","status":"publish","type":"product","link":"https:\/\/mandrill.com.tr\/eng\/product\/mandrill-sp-5033-panel-anchor\/","title":{"rendered":"Mandrill SP-5033 Panel Anchor"},"content":{"rendered":"<p><strong>Mandrill SP-5033 Panel Anchor<\/strong><\/p>\n<ul>\n<li>Specially designed for installation on trapezoidal or sandwich panel surfaces.<\/li>\n<li>It is intended for use by a single person, either in axial direction through the ring or on horizontal surfaces.<\/li>\n<li>The anchor consists of two bent legs.<\/li>\n<li>It is equipped with two \u00d810 mm x 110 mm galvanized steel plates with rectangular holes on top for length adjustment, and a central anchor bolt made of AISI 316 stainless steel.<\/li>\n<li><strong>Static Strength<\/strong>: 15 kN<\/li>\n<li><strong>Weight<\/strong>: 2 kg<\/li>\n<li><strong>Material<\/strong>: Stainless Steel + Galvanized Steel<\/li>\n<li><strong>Measures:<\/strong> 360 mm. x 40 mm. x 66 mm.<\/li>\n<li>Complies with <strong>EN 795:2012<\/strong><\/li>\n<\/ul>\n","protected":false},"excerpt":{"rendered":"<a href=\"https:\/\/mandrill.com.tr\/eng\/wp-content\/uploads\/2025\/03\/Uygunluk-Beyani-MANDRILL-SP-5033-PANEL-ANCHOR.pdf\" target=\"_blank\" class=\"button primary is-xxsmall box-shadow-3-hover\" rel=\"noopener\"  style=\"border-radius:99px;\">\n    <span>EU Decleration of Conformity<\/span>\n  <i class=\"icon-angle-down\" aria-hidden=\"true\" ><\/i><\/a>\n\n","protected":false},"featured_media":500,"template":"","meta":[],"product_brand":[],"product_cat":[36],"product_tag":[65,75,74,73,72],"class_list":{"0":"post-366","1":"product","2":"type-product","3":"status-publish","4":"has-post-thumbnail","6":"product_cat-panel-anchor","7":"product_tag-anchorage","8":"product_tag-horizontal-lifeline","9":"product_tag-lifeline","10":"product_tag-panel-anchor","11":"product_tag-vertical-lifeline","13":"first","14":"instock","15":"shipping-taxable","16":"product-type-simple"},"yoast_head":"<!-- This site is optimized with the Yoast SEO plugin v25.6 - https:\/\/yoast.com\/wordpress\/plugins\/seo\/ -->\n<title>Mandrill SP-5033 Panel Anchor<\/title>\n<meta name=\"description\" content=\"Specially designed for installation on trapezoidal or sandwich panel surfaces.It is intended for use by a single person, either in axial direction\" \/>\n<meta name=\"robots\" content=\"index, follow, max-snippet:-1, max-image-preview:large, max-video-preview:-1\" \/>\n<link rel=\"canonical\" href=\"https:\/\/mandrill.com.tr\/eng\/product\/mandrill-sp-5033-panel-anchor\/\" \/>\n<meta property=\"og:locale\" content=\"en_US\" \/>\n<meta property=\"og:type\" content=\"article\" \/>\n<meta property=\"og:title\" content=\"Mandrill SP-5033 Panel Anchor\" \/>\n<meta property=\"og:description\" content=\"Specially designed for installation on trapezoidal or sandwich panel surfaces.It is intended for use by a single person, either in axial direction\" \/>\n<meta property=\"og:url\" content=\"https:\/\/mandrill.com.tr\/eng\/product\/mandrill-sp-5033-panel-anchor\/\" \/>\n<meta property=\"og:site_name\" content=\"Mandrill\" \/>\n<meta property=\"article:modified_time\" content=\"2025-06-30T22:30:14+00:00\" \/>\n<meta property=\"og:image\" content=\"https:\/\/mandrill.com.tr\/eng\/wp-content\/uploads\/2024\/11\/mandrill-SP-5033-Panel-Ankraji-1.jpg\" \/>\n\t<meta property=\"og:image:width\" content=\"1000\" \/>\n\t<meta property=\"og:image:height\" content=\"1000\" \/>\n\t<meta property=\"og:image:type\" content=\"image\/jpeg\" \/>\n<meta name=\"twitter:card\" content=\"summary_large_image\" \/>\n<meta name=\"twitter:label1\" content=\"Est. reading time\" \/>\n\t<meta name=\"twitter:data1\" content=\"1 minute\" \/>\n<script type=\"application\/ld+json\" class=\"yoast-schema-graph\">{\"@context\":\"https:\/\/schema.org\",\"@graph\":[{\"@type\":\"WebPage\",\"@id\":\"https:\/\/mandrill.com.tr\/eng\/product\/mandrill-sp-5033-panel-anchor\/\",\"url\":\"https:\/\/mandrill.com.tr\/eng\/product\/mandrill-sp-5033-panel-anchor\/\",\"name\":\"Mandrill SP-5033 Panel Anchor\",\"isPartOf\":{\"@id\":\"https:\/\/mandrill.com.tr\/eng\/#website\"},\"primaryImageOfPage\":{\"@id\":\"https:\/\/mandrill.com.tr\/eng\/product\/mandrill-sp-5033-panel-anchor\/#primaryimage\"},\"image\":{\"@id\":\"https:\/\/mandrill.com.tr\/eng\/product\/mandrill-sp-5033-panel-anchor\/#primaryimage\"},\"thumbnailUrl\":\"https:\/\/mandrill.com.tr\/eng\/wp-content\/uploads\/2024\/11\/mandrill-SP-5033-Panel-Ankraji-1.jpg\",\"datePublished\":\"2024-11-15T12:44:39+00:00\",\"dateModified\":\"2025-06-30T22:30:14+00:00\",\"description\":\"Specially designed for installation on trapezoidal or sandwich panel surfaces.It is intended for use by a single person, either in axial direction\",\"breadcrumb\":{\"@id\":\"https:\/\/mandrill.com.tr\/eng\/product\/mandrill-sp-5033-panel-anchor\/#breadcrumb\"},\"inLanguage\":\"en-US\",\"potentialAction\":[{\"@type\":\"ReadAction\",\"target\":[\"https:\/\/mandrill.com.tr\/eng\/product\/mandrill-sp-5033-panel-anchor\/\"]}]},{\"@type\":\"ImageObject\",\"inLanguage\":\"en-US\",\"@id\":\"https:\/\/mandrill.com.tr\/eng\/product\/mandrill-sp-5033-panel-anchor\/#primaryimage\",\"url\":\"https:\/\/mandrill.com.tr\/eng\/wp-content\/uploads\/2024\/11\/mandrill-SP-5033-Panel-Ankraji-1.jpg\",\"contentUrl\":\"https:\/\/mandrill.com.tr\/eng\/wp-content\/uploads\/2024\/11\/mandrill-SP-5033-Panel-Ankraji-1.jpg\",\"width\":1000,\"height\":1000,\"caption\":\"panel ankraj\u0131 \u2013 trapez panel montaj\u0131na uygun EN 795 sertifikal\u0131 ba\u011flant\u0131 aparat\u0131\"},{\"@type\":\"BreadcrumbList\",\"@id\":\"https:\/\/mandrill.com.tr\/eng\/product\/mandrill-sp-5033-panel-anchor\/#breadcrumb\",\"itemListElement\":[{\"@type\":\"ListItem\",\"position\":1,\"name\":\"Anasayfa\",\"item\":\"https:\/\/mandrill.com.tr\/eng\/\"},{\"@type\":\"ListItem\",\"position\":2,\"name\":\"Shop\",\"item\":\"https:\/\/mandrill.com.tr\/eng\/shop\/\"},{\"@type\":\"ListItem\",\"position\":3,\"name\":\"Mandrill SP-5033 Panel Anchor\"}]},{\"@type\":\"WebSite\",\"@id\":\"https:\/\/mandrill.com.tr\/eng\/#website\",\"url\":\"https:\/\/mandrill.com.tr\/eng\/\",\"name\":\"Mandrill\",\"description\":\"\",\"publisher\":{\"@id\":\"https:\/\/mandrill.com.tr\/eng\/#organization\"},\"potentialAction\":[{\"@type\":\"SearchAction\",\"target\":{\"@type\":\"EntryPoint\",\"urlTemplate\":\"https:\/\/mandrill.com.tr\/eng\/?s={search_term_string}\"},\"query-input\":{\"@type\":\"PropertyValueSpecification\",\"valueRequired\":true,\"valueName\":\"search_term_string\"}}],\"inLanguage\":\"en-US\"},{\"@type\":\"Organization\",\"@id\":\"https:\/\/mandrill.com.tr\/eng\/#organization\",\"name\":\"Mandrill\",\"url\":\"https:\/\/mandrill.com.tr\/eng\/\",\"logo\":{\"@type\":\"ImageObject\",\"inLanguage\":\"en-US\",\"@id\":\"https:\/\/mandrill.com.tr\/eng\/#\/schema\/logo\/image\/\",\"url\":\"https:\/\/mandrill.com.tr\/eng\/wp-content\/uploads\/2024\/06\/Mandrillb-scaled-e1717951985432.jpg\",\"contentUrl\":\"https:\/\/mandrill.com.tr\/eng\/wp-content\/uploads\/2024\/06\/Mandrillb-scaled-e1717951985432.jpg\",\"width\":2560,\"height\":738,\"caption\":\"Mandrill\"},\"image\":{\"@id\":\"https:\/\/mandrill.com.tr\/eng\/#\/schema\/logo\/image\/\"}}]}<\/script>\n<!-- \/ Yoast SEO plugin. -->","yoast_head_json":{"title":"Mandrill SP-5033 Panel Anchor","description":"Specially designed for installation on trapezoidal or sandwich panel surfaces.It is intended for use by a single person, either in axial direction","robots":{"index":"index","follow":"follow","max-snippet":"max-snippet:-1","max-image-preview":"max-image-preview:large","max-video-preview":"max-video-preview:-1"},"canonical":"https:\/\/mandrill.com.tr\/eng\/product\/mandrill-sp-5033-panel-anchor\/","og_locale":"en_US","og_type":"article","og_title":"Mandrill SP-5033 Panel Anchor","og_description":"Specially designed for installation on trapezoidal or sandwich panel surfaces.It is intended for use by a single person, either in axial direction","og_url":"https:\/\/mandrill.com.tr\/eng\/product\/mandrill-sp-5033-panel-anchor\/","og_site_name":"Mandrill","article_modified_time":"2025-06-30T22:30:14+00:00","og_image":[{"width":1000,"height":1000,"url":"https:\/\/mandrill.com.tr\/eng\/wp-content\/uploads\/2024\/11\/mandrill-SP-5033-Panel-Ankraji-1.jpg","type":"image\/jpeg"}],"twitter_card":"summary_large_image","twitter_misc":{"Est. reading time":"1 minute"},"schema":{"@context":"https:\/\/schema.org","@graph":[{"@type":"WebPage","@id":"https:\/\/mandrill.com.tr\/eng\/product\/mandrill-sp-5033-panel-anchor\/","url":"https:\/\/mandrill.com.tr\/eng\/product\/mandrill-sp-5033-panel-anchor\/","name":"Mandrill SP-5033 Panel Anchor","isPartOf":{"@id":"https:\/\/mandrill.com.tr\/eng\/#website"},"primaryImageOfPage":{"@id":"https:\/\/mandrill.com.tr\/eng\/product\/mandrill-sp-5033-panel-anchor\/#primaryimage"},"image":{"@id":"https:\/\/mandrill.com.tr\/eng\/product\/mandrill-sp-5033-panel-anchor\/#primaryimage"},"thumbnailUrl":"https:\/\/mandrill.com.tr\/eng\/wp-content\/uploads\/2024\/11\/mandrill-SP-5033-Panel-Ankraji-1.jpg","datePublished":"2024-11-15T12:44:39+00:00","dateModified":"2025-06-30T22:30:14+00:00","description":"Specially designed for installation on trapezoidal or sandwich panel surfaces.It is intended for use by a single person, either in axial direction","breadcrumb":{"@id":"https:\/\/mandrill.com.tr\/eng\/product\/mandrill-sp-5033-panel-anchor\/#breadcrumb"},"inLanguage":"en-US","potentialAction":[{"@type":"ReadAction","target":["https:\/\/mandrill.com.tr\/eng\/product\/mandrill-sp-5033-panel-anchor\/"]}]},{"@type":"ImageObject","inLanguage":"en-US","@id":"https:\/\/mandrill.com.tr\/eng\/product\/mandrill-sp-5033-panel-anchor\/#primaryimage","url":"https:\/\/mandrill.com.tr\/eng\/wp-content\/uploads\/2024\/11\/mandrill-SP-5033-Panel-Ankraji-1.jpg","contentUrl":"https:\/\/mandrill.com.tr\/eng\/wp-content\/uploads\/2024\/11\/mandrill-SP-5033-Panel-Ankraji-1.jpg","width":1000,"height":1000,"caption":"panel ankraj\u0131 \u2013 trapez panel montaj\u0131na uygun EN 795 sertifikal\u0131 ba\u011flant\u0131 aparat\u0131"},{"@type":"BreadcrumbList","@id":"https:\/\/mandrill.com.tr\/eng\/product\/mandrill-sp-5033-panel-anchor\/#breadcrumb","itemListElement":[{"@type":"ListItem","position":1,"name":"Anasayfa","item":"https:\/\/mandrill.com.tr\/eng\/"},{"@type":"ListItem","position":2,"name":"Shop","item":"https:\/\/mandrill.com.tr\/eng\/shop\/"},{"@type":"ListItem","position":3,"name":"Mandrill SP-5033 Panel Anchor"}]},{"@type":"WebSite","@id":"https:\/\/mandrill.com.tr\/eng\/#website","url":"https:\/\/mandrill.com.tr\/eng\/","name":"Mandrill","description":"","publisher":{"@id":"https:\/\/mandrill.com.tr\/eng\/#organization"},"potentialAction":[{"@type":"SearchAction","target":{"@type":"EntryPoint","urlTemplate":"https:\/\/mandrill.com.tr\/eng\/?s={search_term_string}"},"query-input":{"@type":"PropertyValueSpecification","valueRequired":true,"valueName":"search_term_string"}}],"inLanguage":"en-US"},{"@type":"Organization","@id":"https:\/\/mandrill.com.tr\/eng\/#organization","name":"Mandrill","url":"https:\/\/mandrill.com.tr\/eng\/","logo":{"@type":"ImageObject","inLanguage":"en-US","@id":"https:\/\/mandrill.com.tr\/eng\/#\/schema\/logo\/image\/","url":"https:\/\/mandrill.com.tr\/eng\/wp-content\/uploads\/2024\/06\/Mandrillb-scaled-e1717951985432.jpg","contentUrl":"https:\/\/mandrill.com.tr\/eng\/wp-content\/uploads\/2024\/06\/Mandrillb-scaled-e1717951985432.jpg","width":2560,"height":738,"caption":"Mandrill"},"image":{"@id":"https:\/\/mandrill.com.tr\/eng\/#\/schema\/logo\/image\/"}}]}},"_links":{"self":[{"href":"https:\/\/mandrill.com.tr\/eng\/wp-json\/wp\/v2\/product\/366","targetHints":{"allow":["GET"]}}],"collection":[{"href":"https:\/\/mandrill.com.tr\/eng\/wp-json\/wp\/v2\/product"}],"about":[{"href":"https:\/\/mandrill.com.tr\/eng\/wp-json\/wp\/v2\/types\/product"}],"wp:featuredmedia":[{"embeddable":true,"href":"https:\/\/mandrill.com.tr\/eng\/wp-json\/wp\/v2\/media\/500"}],"wp:attachment":[{"href":"https:\/\/mandrill.com.tr\/eng\/wp-json\/wp\/v2\/media?parent=366"}],"wp:term":[{"taxonomy":"product_brand","embeddable":true,"href":"https:\/\/mandrill.com.tr\/eng\/wp-json\/wp\/v2\/product_brand?post=366"},{"taxonomy":"product_cat","embeddable":true,"href":"https:\/\/mandrill.com.tr\/eng\/wp-json\/wp\/v2\/product_cat?post=366"},{"taxonomy":"product_tag","embeddable":true,"href":"https:\/\/mandrill.com.tr\/eng\/wp-json\/wp\/v2\/product_tag?post=366"}],"curies":[{"name":"wp","href":"https:\/\/api.w.org\/{rel}","templated":true}]}}