{"id":331,"date":"2024-11-13T16:15:41","date_gmt":"2024-11-13T13:15:41","guid":{"rendered":"https:\/\/maroon-marten-613661.hostingersite.com\/?post_type=product&#038;p=331"},"modified":"2025-07-01T01:28:38","modified_gmt":"2025-06-30T22:28:38","slug":"mandrill-20m-horizontal-lifeline","status":"publish","type":"product","link":"https:\/\/mandrill.com.tr\/eng\/product\/mandrill-20m-horizontal-lifeline\/","title":{"rendered":"Mandrill 20M | Horizontal Lifeline"},"content":{"rendered":"<p><strong>Mandrill 20M | Horizontal Lifeline<\/strong><\/p>\n<ul>\n<li>Certified in accordance with EN 795:2012 Type C and CEN\/TS 16415:2013 Type C standards.<\/li>\n<li>Features a span width of 20 meters.<\/li>\n<li>Suitable for simultaneous use by up to 5 users.<\/li>\n<li>Constructed from AISI 316-grade stainless steel and aluminum components.<\/li>\n<li>Contains no welded components except for the corner bracket.<\/li>\n<li>Equipped with an integrated energy absorber to minimize impact forces in case of a fall.<\/li>\n<li>Dual energy absorbers on the system reduce the load transferred to the anchor points.<\/li>\n<li>Our products are covered by liability insurance.<\/li>\n<li>When used in accordance with the user manual and inspected periodically, the system has an unlimited service life.<\/li>\n<li>All components are designed without sharp edges for enhanced user safety.<\/li>\n<li>Manufactured in T\u00fcrkiye.<\/li>\n<\/ul>\n","protected":false},"excerpt":{"rendered":"<a href=\"https:\/\/mandrill.com.tr\/eng\/wp-content\/uploads\/2025\/01\/02-AB-Uygunluk-Beyani-MANDRILL20-HORIZONTAL-LIFELINE.pdf\" target=\"_blank\" class=\"button primary is-xxsmall box-shadow-3-hover\" rel=\"noopener\"  style=\"border-radius:99px;\">\n    <span>EU Decleration of Conformity<\/span>\n  <i class=\"icon-angle-down\" aria-hidden=\"true\" ><\/i><\/a>\n\n<a href=\"https:\/\/mandrill.com.tr\/eng\/wp-content\/uploads\/2024\/11\/User-Guide-Mandrill-20m-Horizontal-Lifeline-ENV2.pdf\" target=\"_blank\" class=\"button primary is-xxsmall box-shadow-3-hover\" rel=\"noopener\"  style=\"border-radius:99px;\">\n    <span>User Guide<\/span>\n  <i class=\"icon-angle-down\" aria-hidden=\"true\" ><\/i><\/a>\n\n<a href=\"https:\/\/mandrill.com.tr\/eng\/wp-content\/uploads\/2024\/11\/02-MANDRILL-20m-Data-Sheet-Revised-EN2.pdf\" target=\"_blank\" class=\"button primary is-xxsmall box-shadow-3-hover\" rel=\"noopener\"  style=\"border-radius:99px;\">\n    <span>Data Sheet<\/span>\n  <i class=\"icon-angle-down\" aria-hidden=\"true\" ><\/i><\/a>\n\n","protected":false},"featured_media":474,"template":"","meta":[],"product_brand":[],"product_cat":[23],"product_tag":[75,74,72,71],"class_list":{"0":"post-331","1":"product","2":"type-product","3":"status-publish","4":"has-post-thumbnail","6":"product_cat-horizontal-lifelines","7":"product_tag-horizontal-lifeline","8":"product_tag-lifeline","9":"product_tag-vertical-lifeline","10":"product_tag-work-at-height","12":"first","13":"instock","14":"shipping-taxable","15":"product-type-simple"},"yoast_head":"<!-- This site is optimized with the Yoast SEO plugin v25.6 - https:\/\/yoast.com\/wordpress\/plugins\/seo\/ -->\n<title>Mandrill 20M | Horizontal Lifeline<\/title>\n<meta name=\"description\" content=\"Certified in accordance with EN 795:2012 Type C and CEN\/TS 16415:2013 Type C standards.Features a span width of 20 meters.\" \/>\n<meta name=\"robots\" content=\"index, follow, max-snippet:-1, max-image-preview:large, max-video-preview:-1\" \/>\n<link rel=\"canonical\" href=\"https:\/\/mandrill.com.tr\/eng\/product\/mandrill-20m-horizontal-lifeline\/\" \/>\n<meta property=\"og:locale\" content=\"en_US\" \/>\n<meta property=\"og:type\" content=\"article\" \/>\n<meta property=\"og:title\" content=\"Mandrill 20M | Horizontal Lifeline\" \/>\n<meta property=\"og:description\" content=\"Certified in accordance with EN 795:2012 Type C and CEN\/TS 16415:2013 Type C standards.Features a span width of 20 meters.\" \/>\n<meta property=\"og:url\" content=\"https:\/\/mandrill.com.tr\/eng\/product\/mandrill-20m-horizontal-lifeline\/\" \/>\n<meta property=\"og:site_name\" content=\"Mandrill\" \/>\n<meta property=\"article:modified_time\" content=\"2025-06-30T22:28:38+00:00\" \/>\n<meta property=\"og:image\" content=\"https:\/\/mandrill.com.tr\/eng\/wp-content\/uploads\/2025\/04\/mandrill-20m-yasam-hatti-lifeline-\u062e\u0637-\u0627\u0644\u062d\u064a\u0627\u0629-\u062e\u0637-\u0646\u062c\u0627\u062a-mstari-wa-maisha-1.jpg\" \/>\n\t<meta property=\"og:image:width\" content=\"510\" \/>\n\t<meta property=\"og:image:height\" content=\"508\" \/>\n\t<meta property=\"og:image:type\" content=\"image\/jpeg\" \/>\n<meta name=\"twitter:card\" content=\"summary_large_image\" \/>\n<meta name=\"twitter:label1\" content=\"Est. reading time\" \/>\n\t<meta name=\"twitter:data1\" content=\"1 minute\" \/>\n<script type=\"application\/ld+json\" class=\"yoast-schema-graph\">{\"@context\":\"https:\/\/schema.org\",\"@graph\":[{\"@type\":\"WebPage\",\"@id\":\"https:\/\/mandrill.com.tr\/eng\/product\/mandrill-20m-horizontal-lifeline\/\",\"url\":\"https:\/\/mandrill.com.tr\/eng\/product\/mandrill-20m-horizontal-lifeline\/\",\"name\":\"Mandrill 20M | Horizontal Lifeline\",\"isPartOf\":{\"@id\":\"https:\/\/mandrill.com.tr\/eng\/#website\"},\"primaryImageOfPage\":{\"@id\":\"https:\/\/mandrill.com.tr\/eng\/product\/mandrill-20m-horizontal-lifeline\/#primaryimage\"},\"image\":{\"@id\":\"https:\/\/mandrill.com.tr\/eng\/product\/mandrill-20m-horizontal-lifeline\/#primaryimage\"},\"thumbnailUrl\":\"https:\/\/mandrill.com.tr\/eng\/wp-content\/uploads\/2025\/04\/mandrill-20m-yasam-hatti-lifeline-\u062e\u0637-\u0627\u0644\u062d\u064a\u0627\u0629-\u062e\u0637-\u0646\u062c\u0627\u062a-mstari-wa-maisha-1.jpg\",\"datePublished\":\"2024-11-13T13:15:41+00:00\",\"dateModified\":\"2025-06-30T22:28:38+00:00\",\"description\":\"Certified in accordance with EN 795:2012 Type C and CEN\/TS 16415:2013 Type C standards.Features a span width of 20 meters.\",\"breadcrumb\":{\"@id\":\"https:\/\/mandrill.com.tr\/eng\/product\/mandrill-20m-horizontal-lifeline\/#breadcrumb\"},\"inLanguage\":\"en-US\",\"potentialAction\":[{\"@type\":\"ReadAction\",\"target\":[\"https:\/\/mandrill.com.tr\/eng\/product\/mandrill-20m-horizontal-lifeline\/\"]}]},{\"@type\":\"ImageObject\",\"inLanguage\":\"en-US\",\"@id\":\"https:\/\/mandrill.com.tr\/eng\/product\/mandrill-20m-horizontal-lifeline\/#primaryimage\",\"url\":\"https:\/\/mandrill.com.tr\/eng\/wp-content\/uploads\/2025\/04\/mandrill-20m-yasam-hatti-lifeline-\u062e\u0637-\u0627\u0644\u062d\u064a\u0627\u0629-\u062e\u0637-\u0646\u062c\u0627\u062a-mstari-wa-maisha-1.jpg\",\"contentUrl\":\"https:\/\/mandrill.com.tr\/eng\/wp-content\/uploads\/2025\/04\/mandrill-20m-yasam-hatti-lifeline-\u062e\u0637-\u0627\u0644\u062d\u064a\u0627\u0629-\u062e\u0637-\u0646\u062c\u0627\u062a-mstari-wa-maisha-1.jpg\",\"width\":510,\"height\":508,\"caption\":\"Y\u00fcksekten \u00e7al\u0131\u015fma alanlar\u0131nda kullan\u0131lan yatay ya\u015fam hatt\u0131 sisteminin k\u00f6\u015fe d\u00f6n\u00fc\u015flerinde y\u00f6n vermeyi sa\u011flayan paslanmaz \u00e7elikten imal k\u00f6\u015fe bile\u015feni. EN 795 C sertifikasyonuna uygundur. Kaynakl\u0131 yap\u0131lar yerine c\u0131vatal\u0131 montajla maksimum g\u00fcvenlik sa\u011flar. Mandrill m\u00fchendisli\u011fiyle T\u00fcrkiye'de \u00fcretilmi\u015ftir.\"},{\"@type\":\"BreadcrumbList\",\"@id\":\"https:\/\/mandrill.com.tr\/eng\/product\/mandrill-20m-horizontal-lifeline\/#breadcrumb\",\"itemListElement\":[{\"@type\":\"ListItem\",\"position\":1,\"name\":\"Anasayfa\",\"item\":\"https:\/\/mandrill.com.tr\/eng\/\"},{\"@type\":\"ListItem\",\"position\":2,\"name\":\"Shop\",\"item\":\"https:\/\/mandrill.com.tr\/eng\/shop\/\"},{\"@type\":\"ListItem\",\"position\":3,\"name\":\"Mandrill 20M | Horizontal Lifeline\"}]},{\"@type\":\"WebSite\",\"@id\":\"https:\/\/mandrill.com.tr\/eng\/#website\",\"url\":\"https:\/\/mandrill.com.tr\/eng\/\",\"name\":\"Mandrill\",\"description\":\"\",\"publisher\":{\"@id\":\"https:\/\/mandrill.com.tr\/eng\/#organization\"},\"potentialAction\":[{\"@type\":\"SearchAction\",\"target\":{\"@type\":\"EntryPoint\",\"urlTemplate\":\"https:\/\/mandrill.com.tr\/eng\/?s={search_term_string}\"},\"query-input\":{\"@type\":\"PropertyValueSpecification\",\"valueRequired\":true,\"valueName\":\"search_term_string\"}}],\"inLanguage\":\"en-US\"},{\"@type\":\"Organization\",\"@id\":\"https:\/\/mandrill.com.tr\/eng\/#organization\",\"name\":\"Mandrill\",\"url\":\"https:\/\/mandrill.com.tr\/eng\/\",\"logo\":{\"@type\":\"ImageObject\",\"inLanguage\":\"en-US\",\"@id\":\"https:\/\/mandrill.com.tr\/eng\/#\/schema\/logo\/image\/\",\"url\":\"https:\/\/mandrill.com.tr\/eng\/wp-content\/uploads\/2024\/06\/Mandrillb-scaled-e1717951985432.jpg\",\"contentUrl\":\"https:\/\/mandrill.com.tr\/eng\/wp-content\/uploads\/2024\/06\/Mandrillb-scaled-e1717951985432.jpg\",\"width\":2560,\"height\":738,\"caption\":\"Mandrill\"},\"image\":{\"@id\":\"https:\/\/mandrill.com.tr\/eng\/#\/schema\/logo\/image\/\"}}]}<\/script>\n<!-- \/ Yoast SEO plugin. -->","yoast_head_json":{"title":"Mandrill 20M | Horizontal Lifeline","description":"Certified in accordance with EN 795:2012 Type C and CEN\/TS 16415:2013 Type C standards.Features a span width of 20 meters.","robots":{"index":"index","follow":"follow","max-snippet":"max-snippet:-1","max-image-preview":"max-image-preview:large","max-video-preview":"max-video-preview:-1"},"canonical":"https:\/\/mandrill.com.tr\/eng\/product\/mandrill-20m-horizontal-lifeline\/","og_locale":"en_US","og_type":"article","og_title":"Mandrill 20M | Horizontal Lifeline","og_description":"Certified in accordance with EN 795:2012 Type C and CEN\/TS 16415:2013 Type C standards.Features a span width of 20 meters.","og_url":"https:\/\/mandrill.com.tr\/eng\/product\/mandrill-20m-horizontal-lifeline\/","og_site_name":"Mandrill","article_modified_time":"2025-06-30T22:28:38+00:00","og_image":[{"width":510,"height":508,"url":"https:\/\/mandrill.com.tr\/eng\/wp-content\/uploads\/2025\/04\/mandrill-20m-yasam-hatti-lifeline-\u062e\u0637-\u0627\u0644\u062d\u064a\u0627\u0629-\u062e\u0637-\u0646\u062c\u0627\u062a-mstari-wa-maisha-1.jpg","type":"image\/jpeg"}],"twitter_card":"summary_large_image","twitter_misc":{"Est. reading time":"1 minute"},"schema":{"@context":"https:\/\/schema.org","@graph":[{"@type":"WebPage","@id":"https:\/\/mandrill.com.tr\/eng\/product\/mandrill-20m-horizontal-lifeline\/","url":"https:\/\/mandrill.com.tr\/eng\/product\/mandrill-20m-horizontal-lifeline\/","name":"Mandrill 20M | Horizontal Lifeline","isPartOf":{"@id":"https:\/\/mandrill.com.tr\/eng\/#website"},"primaryImageOfPage":{"@id":"https:\/\/mandrill.com.tr\/eng\/product\/mandrill-20m-horizontal-lifeline\/#primaryimage"},"image":{"@id":"https:\/\/mandrill.com.tr\/eng\/product\/mandrill-20m-horizontal-lifeline\/#primaryimage"},"thumbnailUrl":"https:\/\/mandrill.com.tr\/eng\/wp-content\/uploads\/2025\/04\/mandrill-20m-yasam-hatti-lifeline-\u062e\u0637-\u0627\u0644\u062d\u064a\u0627\u0629-\u062e\u0637-\u0646\u062c\u0627\u062a-mstari-wa-maisha-1.jpg","datePublished":"2024-11-13T13:15:41+00:00","dateModified":"2025-06-30T22:28:38+00:00","description":"Certified in accordance with EN 795:2012 Type C and CEN\/TS 16415:2013 Type C standards.Features a span width of 20 meters.","breadcrumb":{"@id":"https:\/\/mandrill.com.tr\/eng\/product\/mandrill-20m-horizontal-lifeline\/#breadcrumb"},"inLanguage":"en-US","potentialAction":[{"@type":"ReadAction","target":["https:\/\/mandrill.com.tr\/eng\/product\/mandrill-20m-horizontal-lifeline\/"]}]},{"@type":"ImageObject","inLanguage":"en-US","@id":"https:\/\/mandrill.com.tr\/eng\/product\/mandrill-20m-horizontal-lifeline\/#primaryimage","url":"https:\/\/mandrill.com.tr\/eng\/wp-content\/uploads\/2025\/04\/mandrill-20m-yasam-hatti-lifeline-\u062e\u0637-\u0627\u0644\u062d\u064a\u0627\u0629-\u062e\u0637-\u0646\u062c\u0627\u062a-mstari-wa-maisha-1.jpg","contentUrl":"https:\/\/mandrill.com.tr\/eng\/wp-content\/uploads\/2025\/04\/mandrill-20m-yasam-hatti-lifeline-\u062e\u0637-\u0627\u0644\u062d\u064a\u0627\u0629-\u062e\u0637-\u0646\u062c\u0627\u062a-mstari-wa-maisha-1.jpg","width":510,"height":508,"caption":"Y\u00fcksekten \u00e7al\u0131\u015fma alanlar\u0131nda kullan\u0131lan yatay ya\u015fam hatt\u0131 sisteminin k\u00f6\u015fe d\u00f6n\u00fc\u015flerinde y\u00f6n vermeyi sa\u011flayan paslanmaz \u00e7elikten imal k\u00f6\u015fe bile\u015feni. EN 795 C sertifikasyonuna uygundur. Kaynakl\u0131 yap\u0131lar yerine c\u0131vatal\u0131 montajla maksimum g\u00fcvenlik sa\u011flar. Mandrill m\u00fchendisli\u011fiyle T\u00fcrkiye'de \u00fcretilmi\u015ftir."},{"@type":"BreadcrumbList","@id":"https:\/\/mandrill.com.tr\/eng\/product\/mandrill-20m-horizontal-lifeline\/#breadcrumb","itemListElement":[{"@type":"ListItem","position":1,"name":"Anasayfa","item":"https:\/\/mandrill.com.tr\/eng\/"},{"@type":"ListItem","position":2,"name":"Shop","item":"https:\/\/mandrill.com.tr\/eng\/shop\/"},{"@type":"ListItem","position":3,"name":"Mandrill 20M | Horizontal Lifeline"}]},{"@type":"WebSite","@id":"https:\/\/mandrill.com.tr\/eng\/#website","url":"https:\/\/mandrill.com.tr\/eng\/","name":"Mandrill","description":"","publisher":{"@id":"https:\/\/mandrill.com.tr\/eng\/#organization"},"potentialAction":[{"@type":"SearchAction","target":{"@type":"EntryPoint","urlTemplate":"https:\/\/mandrill.com.tr\/eng\/?s={search_term_string}"},"query-input":{"@type":"PropertyValueSpecification","valueRequired":true,"valueName":"search_term_string"}}],"inLanguage":"en-US"},{"@type":"Organization","@id":"https:\/\/mandrill.com.tr\/eng\/#organization","name":"Mandrill","url":"https:\/\/mandrill.com.tr\/eng\/","logo":{"@type":"ImageObject","inLanguage":"en-US","@id":"https:\/\/mandrill.com.tr\/eng\/#\/schema\/logo\/image\/","url":"https:\/\/mandrill.com.tr\/eng\/wp-content\/uploads\/2024\/06\/Mandrillb-scaled-e1717951985432.jpg","contentUrl":"https:\/\/mandrill.com.tr\/eng\/wp-content\/uploads\/2024\/06\/Mandrillb-scaled-e1717951985432.jpg","width":2560,"height":738,"caption":"Mandrill"},"image":{"@id":"https:\/\/mandrill.com.tr\/eng\/#\/schema\/logo\/image\/"}}]}},"_links":{"self":[{"href":"https:\/\/mandrill.com.tr\/eng\/wp-json\/wp\/v2\/product\/331","targetHints":{"allow":["GET"]}}],"collection":[{"href":"https:\/\/mandrill.com.tr\/eng\/wp-json\/wp\/v2\/product"}],"about":[{"href":"https:\/\/mandrill.com.tr\/eng\/wp-json\/wp\/v2\/types\/product"}],"wp:featuredmedia":[{"embeddable":true,"href":"https:\/\/mandrill.com.tr\/eng\/wp-json\/wp\/v2\/media\/474"}],"wp:attachment":[{"href":"https:\/\/mandrill.com.tr\/eng\/wp-json\/wp\/v2\/media?parent=331"}],"wp:term":[{"taxonomy":"product_brand","embeddable":true,"href":"https:\/\/mandrill.com.tr\/eng\/wp-json\/wp\/v2\/product_brand?post=331"},{"taxonomy":"product_cat","embeddable":true,"href":"https:\/\/mandrill.com.tr\/eng\/wp-json\/wp\/v2\/product_cat?post=331"},{"taxonomy":"product_tag","embeddable":true,"href":"https:\/\/mandrill.com.tr\/eng\/wp-json\/wp\/v2\/product_tag?post=331"}],"curies":[{"name":"wp","href":"https:\/\/api.w.org\/{rel}","templated":true}]}}